{"id":480,"date":"2023-06-12T12:46:12","date_gmt":"2023-06-12T11:46:12","guid":{"rendered":"https:\/\/app81.dev.madsys.com\/m5idees\/contacte\/"},"modified":"2023-09-27T10:17:23","modified_gmt":"2023-09-27T09:17:23","slug":"contacto","status":"publish","type":"page","link":"https:\/\/m5idees.com\/es\/contacto\/","title":{"rendered":"Contacto"},"content":{"rendered":"<div class=\"wpb-content-wrapper\"><p>[vc_section full_width=\u00bbstretch_row\u00bb css=\u00bb.vc_custom_1695294252329{padding-top: 0px !important;background-image: url(https:\/\/m5idees.com\/wp-content\/uploads\/2023\/08\/Foto-web-6.jpg?id=129) !important;background-position: center !important;background-repeat: no-repeat !important;background-size: cover !important;}\u00bb][vc_row full_width=\u00bbstretch_row\u00bb css=\u00bb.vc_custom_1695294309486{background-color: rgba(255,255,255,0.8) !important;*background-color: rgb(255,255,255) !important;}\u00bb][vc_column width=\u00bb1\/4&#8243;][\/vc_column][vc_column width=\u00bb1\/2&#8243;][vc_empty_space]\n<div class=\"wpcf7 no-js\" id=\"wpcf7-f482-o1\" lang=\"es-ES\" dir=\"ltr\" data-wpcf7-id=\"482\">\n<div class=\"screen-reader-response\"><p role=\"status\" aria-live=\"polite\" aria-atomic=\"true\"><\/p> <ul><\/ul><\/div>\n<form action=\"\/es\/wp-json\/wp\/v2\/pages\/480#wpcf7-f482-o1\" method=\"post\" class=\"wpcf7-form init\" aria-label=\"Formulario de contacto\" novalidate=\"novalidate\" data-status=\"init\">\n<div style=\"display: none;\">\n<input type=\"hidden\" name=\"_wpcf7\" value=\"482\" \/>\n<input type=\"hidden\" name=\"_wpcf7_version\" value=\"6.0.1\" \/>\n<input type=\"hidden\" name=\"_wpcf7_locale\" value=\"es_ES\" \/>\n<input type=\"hidden\" name=\"_wpcf7_unit_tag\" value=\"wpcf7-f482-o1\" \/>\n<input type=\"hidden\" name=\"_wpcf7_container_post\" value=\"0\" \/>\n<input type=\"hidden\" name=\"_wpcf7_posted_data_hash\" value=\"\" \/>\n<input type=\"hidden\" name=\"_wpcf7_recaptcha_response\" value=\"\" \/>\n<\/div>\n<div class=\"mad_cf7\">\n\t<div class=\"vc_row vc_el-clearfix\">\n\t\t<div class=\"vc_col-xs-12  vc_col-sm-12  vc_col-md-12 contact-fila1\">\n\t\t\t<h3>\u00bfHablamos?\n\t\t\t<\/h3>\n\t\t<\/div>\n\t\t<div class=\"vc_col-xs-12 vc_col-sm-12  vc_col-md-6\">\n\t\t\t<p><span class=\"wpcf7-form-control-wrap\" data-name=\"cliente-nombre\"><input size=\"40\" maxlength=\"400\" class=\"wpcf7-form-control wpcf7-text wpcf7-validates-as-required\" aria-required=\"true\" aria-invalid=\"false\" placeholder=\"Nombre*\" value=\"\" type=\"text\" name=\"cliente-nombre\" \/><\/span>\n\t\t\t<\/p>\n\t\t<\/div>\n\t\t<div class=\"vc_col-xs-12 vc_col-sm-12  vc_col-md-6\">\n\t\t\t<p><span class=\"wpcf7-form-control-wrap\" data-name=\"cliente-empresa\"><input size=\"40\" maxlength=\"400\" class=\"wpcf7-form-control wpcf7-text\" aria-invalid=\"false\" placeholder=\"Empresa\" value=\"\" type=\"text\" name=\"cliente-empresa\" \/><\/span>\n\t\t\t<\/p>\n\t\t<\/div>\n\t\t<div class=\"vc_col-xs-12 vc_col-sm-12  vc_col-md-6\">\n\t\t\t<p><span class=\"wpcf7-form-control-wrap\" data-name=\"cliente-mail\"><input size=\"40\" maxlength=\"400\" class=\"wpcf7-form-control wpcf7-email wpcf7-validates-as-required wpcf7-text wpcf7-validates-as-email\" aria-required=\"true\" aria-invalid=\"false\" placeholder=\"E-mail*\" value=\"\" type=\"email\" name=\"cliente-mail\" \/><\/span>\n\t\t\t<\/p>\n\t\t<\/div>\n\t\t<div class=\"vc_col-xs-12 vc_col-sm-12  vc_col-md-6\">\n\t\t\t<p><span class=\"wpcf7-form-control-wrap\" data-name=\"cliente-telf\"><input size=\"40\" maxlength=\"400\" class=\"wpcf7-form-control wpcf7-text wpcf7-validates-as-required\" aria-required=\"true\" aria-invalid=\"false\" placeholder=\"Tel\u00e9fono*\" value=\"\" type=\"text\" name=\"cliente-telf\" \/><\/span>\n\t\t\t<\/p>\n\t\t<\/div>\n\t\t<div class=\"vc_col-xs-12\">\n\t\t\t<p><span class=\"wpcf7-form-control-wrap\" data-name=\"cliente-consulta\"><textarea cols=\"40\" rows=\"3\" maxlength=\"2000\" class=\"wpcf7-form-control wpcf7-textarea wpcf7-validates-as-required\" aria-required=\"true\" aria-invalid=\"false\" placeholder=\"Consulta*\" name=\"cliente-consulta\"><\/textarea><\/span>\n\t\t\t<\/p>\n\t\t<\/div>\n\t\t<div class=\"vc_col-xs-12 cf7-legal\">\n\t\t\t<p><span class=\"wpcf7-form-control-wrap\" data-name=\"privacidad\"><span class=\"wpcf7-form-control wpcf7-acceptance\"><span class=\"wpcf7-list-item\"><input type=\"checkbox\" name=\"privacidad\" value=\"1\" aria-invalid=\"false\" \/><\/span><\/span><\/span> He le\u00eddo y acepto la <a style=\"color:#74777b; text-decoration:underline;\" href=\"https:\/\/m5idees.com\/es\/politica-de-privacidad\/\">pol\u00edtica de privacidad<\/a>\n\t\t\t<\/p>\n\t\t<\/div>\n\t\t<div class=\"vc_col-xs-12\">\n\t\t\t<p><input class=\"wpcf7-form-control wpcf7-submit has-spinner c7b_boton-enviar\" type=\"submit\" value=\"ENVIAR\" \/>\n\t\t\t<\/p>\n\t\t<\/div>\n\t<\/div>\n\t<div class=\"vc_row vc_el-clearfix\">\n\t\t<div style=\"font-size:14px !important;\" class=\"vc_col-xs-12 cf7-LOPD\">\n\t\t\t<div class=\"vc_col-xs-12\">\n\t\t\t\t<p><strong>RESPONSABLE TRATAMIENTO:<\/strong> M5 IDEES & MERCATS SCCL.\n\t\t\t\t<\/p>\n\t\t\t<\/div>\n\t\t\t<div class=\"vc_col-xs-12\">\n\t\t\t\t<p><strong>FINALIDAD:<\/strong> Atender a la solicitud del usuario.\n\t\t\t\t<\/p>\n\t\t\t<\/div>\n\t\t\t<div class=\"vc_col-xs-12\">\n\t\t\t\t<p><strong>LEGITIMACI\u00d3N:<\/strong> Consentimiento del interesado.\n\t\t\t\t<\/p>\n\t\t\t<\/div>\n\t\t\t<div class=\"vc_col-xs-12\">\n\t\t\t\t<p><strong>CESIONES:<\/strong> No se contemplan cesiones, salvo por obligaci\u00f3n legal o requerimiento judicial.\n\t\t\t\t<\/p>\n\t\t\t<\/div>\n\t\t\t<div class=\"vc_col-xs-12\">\n\t\t\t\t<p><strong>DERECHOS:<\/strong> Acceso, rectificaci\u00f3n, supresi\u00f3n, oposici\u00f3n, limitaci\u00f3n, portabilidad, revocaci\u00f3n del consentimiento. Si considera que el tratamiento de sus datos no se ajusta a la normativa, puede acudir a la Autoridad de Control (www.aepd.es).\n\t\t\t\t<\/p>\n\t\t\t<\/div>\n\t\t<\/div>\n\t<\/div>\n<\/div><div class=\"wpcf7-response-output\" aria-hidden=\"true\"><\/div>\n<\/form>\n<\/div>\n[vc_empty_space height=\u00bb100px\u00bb][vc_empty_space height=\u00bb100px\u00bb el_class=\u00bbvc_hidden-xs vc_hidden-sm\u00bb][\/vc_column][vc_column width=\u00bb1\/4&#8243;][\/vc_column][\/vc_row][\/vc_section]<\/p>\n<\/div>","protected":false},"excerpt":{"rendered":"<p>[vc_section full_width=\u00bbstretch_row\u00bb css=\u00bb.vc_custom_1695294252329{padding-top: 0px !important;background-image: url(https:\/\/m5idees.com\/wp-content\/uploads\/2023\/08\/Foto-web-6.jpg?id=129) !important;background-position: center !important;background-repeat: no-repeat !important;background-size: cover !important;}\u00bb][vc_row full_width=\u00bbstretch_row\u00bb css=\u00bb.vc_custom_1695294309486{background-color: rgba(255,255,255,0.8) !important;*background-color: rgb(255,255,255) !important;}\u00bb][vc_column width=\u00bb1\/4&#8243;][\/vc_column][vc_column width=\u00bb1\/2&#8243;][vc_empty_space][vc_empty_space height=\u00bb100px\u00bb][vc_empty_space height=\u00bb100px\u00bb el_class=\u00bbvc_hidden-xs vc_hidden-sm\u00bb][\/vc_column][vc_column width=\u00bb1\/4&#8243;][\/vc_column][\/vc_row][\/vc_section]<\/p>\n","protected":false},"author":4,"featured_media":0,"parent":0,"menu_order":0,"comment_status":"closed","ping_status":"closed","template":"","meta":{"_acf_changed":false,"footnotes":""},"class_list":["post-480","page","type-page","status-publish"],"acf":[],"yoast_head":"<!-- This site is optimized with the Yoast SEO plugin v24.0 - https:\/\/yoast.com\/wordpress\/plugins\/seo\/ -->\n<title>Contacto - M5 IDEES<\/title>\n<meta name=\"robots\" content=\"index, follow, max-snippet:-1, max-image-preview:large, max-video-preview:-1\" \/>\n<link rel=\"canonical\" href=\"https:\/\/m5idees.com\/es\/contacto\/\" \/>\n<meta property=\"og:locale\" content=\"es_ES\" \/>\n<meta property=\"og:type\" content=\"article\" \/>\n<meta property=\"og:title\" content=\"Contacto - M5 IDEES\" \/>\n<meta property=\"og:description\" content=\"[vc_section full_width=\u00bbstretch_row\u00bb css=\u00bb.vc_custom_1695294252329{padding-top: 0px !important;background-image: url(https:\/\/m5idees.com\/wp-content\/uploads\/2023\/08\/Foto-web-6.jpg?id=129) !important;background-position: center !important;background-repeat: no-repeat !important;background-size: cover !important;}\u00bb][vc_row full_width=\u00bbstretch_row\u00bb css=\u00bb.vc_custom_1695294309486{background-color: rgba(255,255,255,0.8) !important;*background-color: rgb(255,255,255) !important;}\u00bb][vc_column width=\u00bb1\/4&#8243;][\/vc_column][vc_column width=\u00bb1\/2&#8243;][vc_empty_space][vc_empty_space height=\u00bb100px\u00bb][vc_empty_space height=\u00bb100px\u00bb el_class=\u00bbvc_hidden-xs vc_hidden-sm\u00bb][\/vc_column][vc_column width=\u00bb1\/4&#8243;][\/vc_column][\/vc_row][\/vc_section]\" \/>\n<meta property=\"og:url\" content=\"https:\/\/m5idees.com\/es\/contacto\/\" \/>\n<meta property=\"og:site_name\" content=\"M5 IDEES\" \/>\n<meta property=\"article:modified_time\" content=\"2023-09-27T09:17:23+00:00\" \/>\n<meta name=\"twitter:card\" content=\"summary_large_image\" \/>\n<script type=\"application\/ld+json\" class=\"yoast-schema-graph\">{\"@context\":\"https:\/\/schema.org\",\"@graph\":[{\"@type\":\"WebPage\",\"@id\":\"https:\/\/m5idees.com\/es\/contacto\/\",\"url\":\"https:\/\/m5idees.com\/es\/contacto\/\",\"name\":\"Contacto - M5 IDEES\",\"isPartOf\":{\"@id\":\"https:\/\/m5idees.com\/es\/#website\"},\"datePublished\":\"2023-06-12T11:46:12+00:00\",\"dateModified\":\"2023-09-27T09:17:23+00:00\",\"breadcrumb\":{\"@id\":\"https:\/\/m5idees.com\/es\/contacto\/#breadcrumb\"},\"inLanguage\":\"es\",\"potentialAction\":[{\"@type\":\"ReadAction\",\"target\":[\"https:\/\/m5idees.com\/es\/contacto\/\"]}]},{\"@type\":\"BreadcrumbList\",\"@id\":\"https:\/\/m5idees.com\/es\/contacto\/#breadcrumb\",\"itemListElement\":[{\"@type\":\"ListItem\",\"position\":1,\"name\":\"Portada\",\"item\":\"https:\/\/m5idees.com\/es\/\"},{\"@type\":\"ListItem\",\"position\":2,\"name\":\"Contacto\"}]},{\"@type\":\"WebSite\",\"@id\":\"https:\/\/m5idees.com\/es\/#website\",\"url\":\"https:\/\/m5idees.com\/es\/\",\"name\":\"M5 IDEES\",\"description\":\"Consultoria de Proximitat\",\"publisher\":{\"@id\":\"https:\/\/m5idees.com\/es\/#organization\"},\"alternateName\":\"M5 IDEES\",\"potentialAction\":[{\"@type\":\"SearchAction\",\"target\":{\"@type\":\"EntryPoint\",\"urlTemplate\":\"https:\/\/m5idees.com\/es\/?s={search_term_string}\"},\"query-input\":{\"@type\":\"PropertyValueSpecification\",\"valueRequired\":true,\"valueName\":\"search_term_string\"}}],\"inLanguage\":\"es\"},{\"@type\":\"Organization\",\"@id\":\"https:\/\/m5idees.com\/es\/#organization\",\"name\":\"M5 IDEES\",\"alternateName\":\"M5 IDEES\",\"url\":\"https:\/\/m5idees.com\/es\/\",\"logo\":{\"@type\":\"ImageObject\",\"inLanguage\":\"es\",\"@id\":\"https:\/\/m5idees.com\/es\/#\/schema\/logo\/image\/\",\"url\":\"https:\/\/m5idees.com\/wp-content\/uploads\/2023\/09\/Logo-M5-3.png\",\"contentUrl\":\"https:\/\/m5idees.com\/wp-content\/uploads\/2023\/09\/Logo-M5-3.png\",\"width\":3051,\"height\":1272,\"caption\":\"M5 IDEES\"},\"image\":{\"@id\":\"https:\/\/m5idees.com\/es\/#\/schema\/logo\/image\/\"}}]}<\/script>\n<!-- \/ Yoast SEO plugin. -->","yoast_head_json":{"title":"Contacto - M5 IDEES","robots":{"index":"index","follow":"follow","max-snippet":"max-snippet:-1","max-image-preview":"max-image-preview:large","max-video-preview":"max-video-preview:-1"},"canonical":"https:\/\/m5idees.com\/es\/contacto\/","og_locale":"es_ES","og_type":"article","og_title":"Contacto - M5 IDEES","og_description":"[vc_section full_width=\u00bbstretch_row\u00bb css=\u00bb.vc_custom_1695294252329{padding-top: 0px !important;background-image: url(https:\/\/m5idees.com\/wp-content\/uploads\/2023\/08\/Foto-web-6.jpg?id=129) !important;background-position: center !important;background-repeat: no-repeat !important;background-size: cover !important;}\u00bb][vc_row full_width=\u00bbstretch_row\u00bb css=\u00bb.vc_custom_1695294309486{background-color: rgba(255,255,255,0.8) !important;*background-color: rgb(255,255,255) !important;}\u00bb][vc_column width=\u00bb1\/4&#8243;][\/vc_column][vc_column width=\u00bb1\/2&#8243;][vc_empty_space][vc_empty_space height=\u00bb100px\u00bb][vc_empty_space height=\u00bb100px\u00bb el_class=\u00bbvc_hidden-xs vc_hidden-sm\u00bb][\/vc_column][vc_column width=\u00bb1\/4&#8243;][\/vc_column][\/vc_row][\/vc_section]","og_url":"https:\/\/m5idees.com\/es\/contacto\/","og_site_name":"M5 IDEES","article_modified_time":"2023-09-27T09:17:23+00:00","twitter_card":"summary_large_image","schema":{"@context":"https:\/\/schema.org","@graph":[{"@type":"WebPage","@id":"https:\/\/m5idees.com\/es\/contacto\/","url":"https:\/\/m5idees.com\/es\/contacto\/","name":"Contacto - M5 IDEES","isPartOf":{"@id":"https:\/\/m5idees.com\/es\/#website"},"datePublished":"2023-06-12T11:46:12+00:00","dateModified":"2023-09-27T09:17:23+00:00","breadcrumb":{"@id":"https:\/\/m5idees.com\/es\/contacto\/#breadcrumb"},"inLanguage":"es","potentialAction":[{"@type":"ReadAction","target":["https:\/\/m5idees.com\/es\/contacto\/"]}]},{"@type":"BreadcrumbList","@id":"https:\/\/m5idees.com\/es\/contacto\/#breadcrumb","itemListElement":[{"@type":"ListItem","position":1,"name":"Portada","item":"https:\/\/m5idees.com\/es\/"},{"@type":"ListItem","position":2,"name":"Contacto"}]},{"@type":"WebSite","@id":"https:\/\/m5idees.com\/es\/#website","url":"https:\/\/m5idees.com\/es\/","name":"M5 IDEES","description":"Consultoria de Proximitat","publisher":{"@id":"https:\/\/m5idees.com\/es\/#organization"},"alternateName":"M5 IDEES","potentialAction":[{"@type":"SearchAction","target":{"@type":"EntryPoint","urlTemplate":"https:\/\/m5idees.com\/es\/?s={search_term_string}"},"query-input":{"@type":"PropertyValueSpecification","valueRequired":true,"valueName":"search_term_string"}}],"inLanguage":"es"},{"@type":"Organization","@id":"https:\/\/m5idees.com\/es\/#organization","name":"M5 IDEES","alternateName":"M5 IDEES","url":"https:\/\/m5idees.com\/es\/","logo":{"@type":"ImageObject","inLanguage":"es","@id":"https:\/\/m5idees.com\/es\/#\/schema\/logo\/image\/","url":"https:\/\/m5idees.com\/wp-content\/uploads\/2023\/09\/Logo-M5-3.png","contentUrl":"https:\/\/m5idees.com\/wp-content\/uploads\/2023\/09\/Logo-M5-3.png","width":3051,"height":1272,"caption":"M5 IDEES"},"image":{"@id":"https:\/\/m5idees.com\/es\/#\/schema\/logo\/image\/"}}]}},"_links":{"self":[{"href":"https:\/\/m5idees.com\/es\/wp-json\/wp\/v2\/pages\/480","targetHints":{"allow":["GET"]}}],"collection":[{"href":"https:\/\/m5idees.com\/es\/wp-json\/wp\/v2\/pages"}],"about":[{"href":"https:\/\/m5idees.com\/es\/wp-json\/wp\/v2\/types\/page"}],"author":[{"embeddable":true,"href":"https:\/\/m5idees.com\/es\/wp-json\/wp\/v2\/users\/4"}],"replies":[{"embeddable":true,"href":"https:\/\/m5idees.com\/es\/wp-json\/wp\/v2\/comments?post=480"}],"version-history":[{"count":1,"href":"https:\/\/m5idees.com\/es\/wp-json\/wp\/v2\/pages\/480\/revisions"}],"predecessor-version":[{"id":481,"href":"https:\/\/m5idees.com\/es\/wp-json\/wp\/v2\/pages\/480\/revisions\/481"}],"wp:attachment":[{"href":"https:\/\/m5idees.com\/es\/wp-json\/wp\/v2\/media?parent=480"}],"curies":[{"name":"wp","href":"https:\/\/api.w.org\/{rel}","templated":true}]}}